{"id":56,"date":"2021-06-14T11:49:06","date_gmt":"2021-06-14T09:49:06","guid":{"rendered":"http:\/\/philippechollet.com\/?page_id=56"},"modified":"2025-07-09T10:36:55","modified_gmt":"2025-07-09T08:36:55","slug":"about","status":"publish","type":"page","link":"https:\/\/philippechollet.com\/fr\/about\/","title":{"rendered":"\u00c0 propos"},"content":{"rendered":"<div data-elementor-type=\"wp-page\" data-elementor-id=\"56\" class=\"elementor elementor-56\" data-elementor-post-type=\"page\">\n\t\t\t\t\t\t<section class=\"elementor-section elementor-top-section elementor-element elementor-element-7f1997c2 elementor-section-boxed elementor-section-height-default elementor-section-height-default\" data-id=\"7f1997c2\" data-element_type=\"section\" data-e-type=\"section\">\n\t\t\t\t\t\t<div class=\"elementor-container elementor-column-gap-default\">\n\t\t\t\t\t<div class=\"elementor-column elementor-col-100 elementor-top-column elementor-element elementor-element-356ecfb8\" data-id=\"356ecfb8\" data-element_type=\"column\" data-e-type=\"column\">\n\t\t\t<div class=\"elementor-widget-wrap elementor-element-populated\">\n\t\t\t\t\t\t<div class=\"elementor-element elementor-element-181b58b9 elementor-widget elementor-widget-text-editor\" data-id=\"181b58b9\" data-element_type=\"widget\" data-e-type=\"widget\" data-widget_type=\"text-editor.default\">\n\t\t\t\t<div class=\"elementor-widget-container\">\n\t\t\t\t\t\t\t\t\t<p data-start=\"131\" data-end=\"457\">Je co-cr\u00e9e l\u2019Association Musique &amp; Exploration dans les ann\u00e9es 90. C\u2019est l\u2019occasion pour moi de produire mes premiers travaux m\u00e9dia en Afrique centrale et en Asie centrale. Il s\u2019agit de photographie, de vid\u00e9o et de prise de son. Abordant mes sujets de mani\u00e8re journalistique, je me tourne progressivement vers une approche artistique.<\/p><p data-start=\"459\" data-end=\"987\">\u00c0 partir des ann\u00e9es 2000, j\u2019explore les nouvelles formes narratives permises par les Nouveaux M\u00e9dias, particuli\u00e8rement dans le domaine du reportage. \u00c0 l\u2019heure du num\u00e9rique, je m\u2019int\u00e9resse \u00e9galement \u00e0 la red\u00e9finition de l\u2019espace et du temps, au remodelage de la g\u00e9ographie. Ainsi, je r\u00e9alise diverses installations interactives qui sont expos\u00e9es \u00e0 la Cit\u00e9 des Sciences et de l\u2019Industrie \u00e0 Paris ou encore \u00e0 l\u2019Institute of International Visual Arts \u00e0 Londres. Je m\u2019implique \u00e9galement dans diff\u00e9rents travaux d\u2019\u00e9criture, notamment de science-fiction pour la Revue du Cube.<\/p><p data-start=\"989\" data-end=\"1299\">Parall\u00e8lement, j\u2019enseigne \u00e0 London Metropolitan University au Royaume-Uni, puis \u00e0 l\u2019Universit\u00e9 Royale des Beaux-Arts \u00e0 Phnom Penh, au Cambodge. Je cr\u00e9e et coordonne diff\u00e9rents projets m\u00e9dia, notamment le concours vid\u00e9o Destination Francophonie avec l\u2019Institut fran\u00e7ais et TV5Monde.<\/p><p data-start=\"1301\" data-end=\"1515\">Plus r\u00e9cemment, dans les ann\u00e9es 2020, je m\u2019int\u00e9resse \u00e0 la cartographie num\u00e9rique et \u00e0 sa capacit\u00e9 \u00e0 raconter des histoires. J\u2019applique mes investigations \u00e0 des productions qui puisent leur inspiration dans des explorations au Cambodge et sur la plan\u00e8te Mars.<\/p>\t\t\t\t\t\t\t\t<\/div>\n\t\t\t\t<\/div>\n\t\t\t\t\t<\/div>\n\t\t<\/div>\n\t\t\t\t\t<\/div>\n\t\t<\/section>\n\t\t\t\t<\/div>","protected":false},"excerpt":{"rendered":"<p>In the 90s, I co-founded the Association Musique &amp; Exploration. It was during that time that I produced my first media work in Central Africa and Central Asia, involving photography, video, and sound recording. Initially approaching my projects from a journalistic perspective, I gradually shifted toward an artistic approach. From the 2000s onwards, I explored [&hellip;]<\/p>\n","protected":false},"author":1,"featured_media":0,"parent":0,"menu_order":0,"comment_status":"closed","ping_status":"closed","template":"","meta":{"footnotes":""},"class_list":["post-56","page","type-page","status-publish","hentry"],"yoast_head":"<!-- This site is optimized with the Yoast SEO plugin v27.4 - https:\/\/yoast.com\/product\/yoast-seo-wordpress\/ -->\n<title>About | Philippe Chollet<\/title>\n<meta name=\"robots\" content=\"index, follow, max-snippet:-1, max-image-preview:large, max-video-preview:-1\" \/>\n<link rel=\"canonical\" href=\"https:\/\/philippechollet.com\/fr\/about\/\" \/>\n<meta property=\"og:locale\" content=\"fr_FR\" \/>\n<meta property=\"og:type\" content=\"article\" \/>\n<meta property=\"og:title\" content=\"About | Philippe Chollet\" \/>\n<meta property=\"og:description\" content=\"In the 90s, I co-founded the Association Musique &amp; Exploration. It was during that time that I produced my first media work in Central Africa and Central Asia, involving photography, video, and sound recording. Initially approaching my projects from a journalistic perspective, I gradually shifted toward an artistic approach. From the 2000s onwards, I explored [&hellip;]\" \/>\n<meta property=\"og:url\" content=\"https:\/\/philippechollet.com\/fr\/about\/\" \/>\n<meta property=\"og:site_name\" content=\"Philippe Chollet\" \/>\n<meta property=\"article:modified_time\" content=\"2025-07-09T08:36:55+00:00\" \/>\n<meta name=\"twitter:card\" content=\"summary_large_image\" \/>\n<meta name=\"twitter:label1\" content=\"Dur\u00e9e de lecture estim\u00e9e\" \/>\n\t<meta name=\"twitter:data1\" content=\"1 minute\" \/>\n<script type=\"application\/ld+json\" class=\"yoast-schema-graph\">{\"@context\":\"https:\\\/\\\/schema.org\",\"@graph\":[{\"@type\":\"WebPage\",\"@id\":\"https:\\\/\\\/philippechollet.com\\\/about\\\/\",\"url\":\"https:\\\/\\\/philippechollet.com\\\/about\\\/\",\"name\":\"About | Philippe Chollet\",\"isPartOf\":{\"@id\":\"https:\\\/\\\/philippechollet.com\\\/#website\"},\"datePublished\":\"2021-06-14T09:49:06+00:00\",\"dateModified\":\"2025-07-09T08:36:55+00:00\",\"breadcrumb\":{\"@id\":\"https:\\\/\\\/philippechollet.com\\\/about\\\/#breadcrumb\"},\"inLanguage\":\"fr-FR\",\"potentialAction\":[{\"@type\":\"ReadAction\",\"target\":[\"https:\\\/\\\/philippechollet.com\\\/about\\\/\"]}]},{\"@type\":\"BreadcrumbList\",\"@id\":\"https:\\\/\\\/philippechollet.com\\\/about\\\/#breadcrumb\",\"itemListElement\":[{\"@type\":\"ListItem\",\"position\":1,\"name\":\"Accueil\",\"item\":\"https:\\\/\\\/philippechollet.com\\\/\"},{\"@type\":\"ListItem\",\"position\":2,\"name\":\"About\"}]},{\"@type\":\"WebSite\",\"@id\":\"https:\\\/\\\/philippechollet.com\\\/#website\",\"url\":\"https:\\\/\\\/philippechollet.com\\\/\",\"name\":\"Philippe Chollet\",\"description\":\"Portfolio\",\"publisher\":{\"@id\":\"https:\\\/\\\/philippechollet.com\\\/#\\\/schema\\\/person\\\/c07c0040b4b1fabd146732b47fec5b1d\"},\"potentialAction\":[{\"@type\":\"SearchAction\",\"target\":{\"@type\":\"EntryPoint\",\"urlTemplate\":\"https:\\\/\\\/philippechollet.com\\\/?s={search_term_string}\"},\"query-input\":{\"@type\":\"PropertyValueSpecification\",\"valueRequired\":true,\"valueName\":\"search_term_string\"}}],\"inLanguage\":\"fr-FR\"},{\"@type\":[\"Person\",\"Organization\"],\"@id\":\"https:\\\/\\\/philippechollet.com\\\/#\\\/schema\\\/person\\\/c07c0040b4b1fabd146732b47fec5b1d\",\"name\":\"PhilippeChollet\",\"image\":{\"@type\":\"ImageObject\",\"inLanguage\":\"fr-FR\",\"@id\":\"https:\\\/\\\/philippechollet.com\\\/wp-content\\\/uploads\\\/2025\\\/09\\\/favicon_philippe_chollet_com_FULL.png\",\"url\":\"https:\\\/\\\/philippechollet.com\\\/wp-content\\\/uploads\\\/2025\\\/09\\\/favicon_philippe_chollet_com_FULL.png\",\"contentUrl\":\"https:\\\/\\\/philippechollet.com\\\/wp-content\\\/uploads\\\/2025\\\/09\\\/favicon_philippe_chollet_com_FULL.png\",\"width\":390,\"height\":390,\"caption\":\"PhilippeChollet\"},\"logo\":{\"@id\":\"https:\\\/\\\/philippechollet.com\\\/wp-content\\\/uploads\\\/2025\\\/09\\\/favicon_philippe_chollet_com_FULL.png\"},\"sameAs\":[\"http:\\\/\\\/philippechollet.com\"]}]}<\/script>\n<!-- \/ Yoast SEO plugin. -->","yoast_head_json":{"title":"About | Philippe Chollet","robots":{"index":"index","follow":"follow","max-snippet":"max-snippet:-1","max-image-preview":"max-image-preview:large","max-video-preview":"max-video-preview:-1"},"canonical":"https:\/\/philippechollet.com\/fr\/about\/","og_locale":"fr_FR","og_type":"article","og_title":"About | Philippe Chollet","og_description":"In the 90s, I co-founded the Association Musique &amp; Exploration. It was during that time that I produced my first media work in Central Africa and Central Asia, involving photography, video, and sound recording. Initially approaching my projects from a journalistic perspective, I gradually shifted toward an artistic approach. From the 2000s onwards, I explored [&hellip;]","og_url":"https:\/\/philippechollet.com\/fr\/about\/","og_site_name":"Philippe Chollet","article_modified_time":"2025-07-09T08:36:55+00:00","twitter_card":"summary_large_image","twitter_misc":{"Dur\u00e9e de lecture estim\u00e9e":"1 minute"},"schema":{"@context":"https:\/\/schema.org","@graph":[{"@type":"WebPage","@id":"https:\/\/philippechollet.com\/about\/","url":"https:\/\/philippechollet.com\/about\/","name":"About | Philippe Chollet","isPartOf":{"@id":"https:\/\/philippechollet.com\/#website"},"datePublished":"2021-06-14T09:49:06+00:00","dateModified":"2025-07-09T08:36:55+00:00","breadcrumb":{"@id":"https:\/\/philippechollet.com\/about\/#breadcrumb"},"inLanguage":"fr-FR","potentialAction":[{"@type":"ReadAction","target":["https:\/\/philippechollet.com\/about\/"]}]},{"@type":"BreadcrumbList","@id":"https:\/\/philippechollet.com\/about\/#breadcrumb","itemListElement":[{"@type":"ListItem","position":1,"name":"Accueil","item":"https:\/\/philippechollet.com\/"},{"@type":"ListItem","position":2,"name":"About"}]},{"@type":"WebSite","@id":"https:\/\/philippechollet.com\/#website","url":"https:\/\/philippechollet.com\/","name":"Philippe Chollet","description":"Portfolio","publisher":{"@id":"https:\/\/philippechollet.com\/#\/schema\/person\/c07c0040b4b1fabd146732b47fec5b1d"},"potentialAction":[{"@type":"SearchAction","target":{"@type":"EntryPoint","urlTemplate":"https:\/\/philippechollet.com\/?s={search_term_string}"},"query-input":{"@type":"PropertyValueSpecification","valueRequired":true,"valueName":"search_term_string"}}],"inLanguage":"fr-FR"},{"@type":["Person","Organization"],"@id":"https:\/\/philippechollet.com\/#\/schema\/person\/c07c0040b4b1fabd146732b47fec5b1d","name":"PhilippeChollet","image":{"@type":"ImageObject","inLanguage":"fr-FR","@id":"https:\/\/philippechollet.com\/wp-content\/uploads\/2025\/09\/favicon_philippe_chollet_com_FULL.png","url":"https:\/\/philippechollet.com\/wp-content\/uploads\/2025\/09\/favicon_philippe_chollet_com_FULL.png","contentUrl":"https:\/\/philippechollet.com\/wp-content\/uploads\/2025\/09\/favicon_philippe_chollet_com_FULL.png","width":390,"height":390,"caption":"PhilippeChollet"},"logo":{"@id":"https:\/\/philippechollet.com\/wp-content\/uploads\/2025\/09\/favicon_philippe_chollet_com_FULL.png"},"sameAs":["http:\/\/philippechollet.com"]}]}},"_links":{"self":[{"href":"https:\/\/philippechollet.com\/fr\/wp-json\/wp\/v2\/pages\/56","targetHints":{"allow":["GET"]}}],"collection":[{"href":"https:\/\/philippechollet.com\/fr\/wp-json\/wp\/v2\/pages"}],"about":[{"href":"https:\/\/philippechollet.com\/fr\/wp-json\/wp\/v2\/types\/page"}],"author":[{"embeddable":true,"href":"https:\/\/philippechollet.com\/fr\/wp-json\/wp\/v2\/users\/1"}],"replies":[{"embeddable":true,"href":"https:\/\/philippechollet.com\/fr\/wp-json\/wp\/v2\/comments?post=56"}],"version-history":[{"count":121,"href":"https:\/\/philippechollet.com\/fr\/wp-json\/wp\/v2\/pages\/56\/revisions"}],"predecessor-version":[{"id":3747,"href":"https:\/\/philippechollet.com\/fr\/wp-json\/wp\/v2\/pages\/56\/revisions\/3747"}],"wp:attachment":[{"href":"https:\/\/philippechollet.com\/fr\/wp-json\/wp\/v2\/media?parent=56"}],"curies":[{"name":"wp","href":"https:\/\/api.w.org\/{rel}","templated":true}]}}